{"id":528,"date":"2019-04-04T14:57:42","date_gmt":"2019-04-04T12:57:42","guid":{"rendered":"http:\/\/www.monot-coach.com\/?page_id=528"},"modified":"2025-01-08T09:19:15","modified_gmt":"2025-01-08T08:19:15","slug":"test","status":"publish","type":"page","link":"https:\/\/www.monot-coach.com\/","title":{"rendered":"Vos besoins, mon offre"},"content":{"rendered":"<h4>\u00a0<\/h4>\r\n<ul>\r\n<li>\r\n<h4><a href=\"#Coaching de dirigeant, pour tirer le meilleur de la solitude.\">Coaching de dirigeant, pour tirer le meilleur de la solitude.<\/a><\/h4>\r\n<\/li>\r\n<li>\r\n<h4><a href=\"#Coaching de dirigeant, pour aller \u00abplus vite, plus haut, plus fort\u00bb.\">Coaching de dirigeant, pour aller \u00abplus vite, plus haut, plus fort\u00bb.<\/a><\/h4>\r\n<\/li>\r\n<\/ul>\r\n<h3>Que vous soyez leader d&#8217;une grande entreprise internationale, dirigeant d&#8217;ETI, patron de PME\/PMI, entrepreneur de startup ou manager ex\u00e9cutif, je vous accompagne sur <strong>deux th\u00e9matiques principales<\/strong> et distinctes :<\/h3>\r\n<ul>\r\n<li style=\"list-style-type: none;\">\r\n<ul>\r\n<li>\r\n<h3><strong>d\u00e9chiffrer votre solitude<\/strong> avant qu\u2019elle ne d\u00e9rive en isolement, en vous permettant d\u2019exprimer vos doutes,<\/h3>\r\n<\/li>\r\n<li>\r\n<h3><strong>surpasser vos capacit\u00e9s<\/strong> et \u00e9largir le champ des possibles en d\u00e9veloppant vos ressources propres : comp\u00e9tences manag\u00e9riales, relationnelles ou de leadership.<\/h3>\r\n<\/li>\r\n<\/ul>\r\n<\/li>\r\n<\/ul>\r\n<!-- \/wp:post-content -->\r\n\r\n<!-- wp:heading -->\r\n<h2><span style=\"color: #0000ff;\"><em><strong><a name=\"Coaching de dirigeant, pour tirer le meilleur de la solitude.\"><\/a>Coaching de dirigeant, pour tirer le meilleur de la solitude.<\/strong><\/em><\/span><\/h2>\r\n<h3>Dans votre quotidien les responsabilit\u00e9s \u00e0 forts enjeux et la libert\u00e9 d\u2019\u00eatre d\u00e9cisionnaire vous ont toujours motiv\u00e9.<\/h3>\r\n<h3>Pourtant si vous savez choisir parmi les nombreuses directions \u00e0 prendre, vous aimeriez parfois \u00eatre moins seul et pouvoir \u00eatre confront\u00e9 sans complaisance et en toute discr\u00e9tion avec un relais de confiance au sujet de ces engagements parfois g\u00e9n\u00e9rateurs de stress.<\/h3>\r\n<h3><!-- wp:list --><\/h3>\r\n<h3 style=\"padding-left: 40px;\"><strong><span style=\"color: #000000;\"><em>=&gt; Je me propose d\u2019\u00eatre votre passeur, cette personne ressource.<\/em><\/span><\/strong><\/h3>\r\n<!-- \/wp:list -->\r\n\r\n<!-- wp:paragraph \/-->\r\n\r\n<!-- wp:heading -->\r\n<p><a href=\"#Top\"><strong><em>TOP \u2191<\/em><\/strong><\/a><\/p>\r\n<h2><span style=\"color: #0000ff;\"><strong><em><a name=\"Coaching de dirigeant, pour aller \u00abplus vite, plus haut, plus fort\u00bb.\"><\/a>Coaching de dirigeant, pour aller \u00abplus vite, plus haut, plus fort\u00bb.<\/em><\/strong><\/span><\/h2>\r\n<h4><!-- \/wp:heading -->\r\n\r\n<!-- wp:paragraph --><\/h4>\r\n<h3>Pour faire face aux nombreux enjeux strat\u00e9giques ou op\u00e9rationnels vous avez besoin de lib\u00e9rer vos potentiels, mais vous rencontrez certains freins que vous souhaiteriez l\u00e2cher.<\/h3>\r\n<h3><!-- \/wp:paragraph -->\r\n\r\n<!-- wp:paragraph --><\/h3>\r\n<h3>Vous aimeriez \u00eatre accompagn\u00e9 pour d\u00e9velopper une vision, clarifier vos motivations, centrer votre attention ou simplement d\u00e9bloquer un n\u0153ud.<\/h3>\r\n<h3><!-- \/wp:paragraph -->\r\n\r\n<!-- wp:list --><\/h3>\r\n<h3 style=\"padding-left: 40px;\"><strong><span style=\"color: #000000;\"><em>=&gt; Je me propose d\u2019\u00eatre votre challengeur, cette personne inspirante.<\/em><\/span><\/strong><\/h3>\r\n<p><a href=\"#Top\"><strong><em>TOP \u2191<\/em><\/strong><\/a><\/p>\r\n<p><img loading=\"lazy\" decoding=\"async\" class=\"wp-image-5 aligncenter\" src=\"https:\/\/www.monot-coach.com\/wp-content\/uploads\/2019\/03\/Logo3-Capture-d\u2019e\u0301cran-2019-03-19-a\u0300-17.41.04-293x300.jpg\" alt=\"\" width=\"179\" height=\"183\" \/><\/p>\r\n<h3 style=\"text-align: center;\">\u00a0 Fr\u00e9d\u00e9ric Monot \/ tel : +33 6 10 61 79 38 \/ email : <strong>frederic@monot-coach.com<\/strong><\/h3><!-- \/wp:list -->","protected":false},"excerpt":{"rendered":"<p>\u00a0 Coaching de dirigeant, pour tirer le meilleur de la solitude. Coaching [&hellip;]<\/p>\n","protected":false},"author":1,"featured_media":0,"parent":0,"menu_order":0,"comment_status":"closed","ping_status":"closed","template":"templates\/no-sidebar.php","meta":{"footnotes":""},"class_list":["post-528","page","type-page","status-publish","hentry"],"_links":{"self":[{"href":"https:\/\/www.monot-coach.com\/index.php\/wp-json\/wp\/v2\/pages\/528","targetHints":{"allow":["GET"]}}],"collection":[{"href":"https:\/\/www.monot-coach.com\/index.php\/wp-json\/wp\/v2\/pages"}],"about":[{"href":"https:\/\/www.monot-coach.com\/index.php\/wp-json\/wp\/v2\/types\/page"}],"author":[{"embeddable":true,"href":"https:\/\/www.monot-coach.com\/index.php\/wp-json\/wp\/v2\/users\/1"}],"replies":[{"embeddable":true,"href":"https:\/\/www.monot-coach.com\/index.php\/wp-json\/wp\/v2\/comments?post=528"}],"version-history":[{"count":23,"href":"https:\/\/www.monot-coach.com\/index.php\/wp-json\/wp\/v2\/pages\/528\/revisions"}],"predecessor-version":[{"id":607,"href":"https:\/\/www.monot-coach.com\/index.php\/wp-json\/wp\/v2\/pages\/528\/revisions\/607"}],"wp:attachment":[{"href":"https:\/\/www.monot-coach.com\/index.php\/wp-json\/wp\/v2\/media?parent=528"}],"curies":[{"name":"wp","href":"https:\/\/api.w.org\/{rel}","templated":true}]}}